{"id":1168,"date":"2015-09-23T15:50:27","date_gmt":"2015-09-23T14:50:27","guid":{"rendered":"http:\/\/dev.bonchateau.com\/?page_id=1168&#038;lang=en"},"modified":"2024-03-07T13:52:15","modified_gmt":"2024-03-07T12:52:15","slug":"great_wines_and_great_men","status":"publish","type":"page","link":"https:\/\/www.bonchateau.com\/en\/great_wines_and_great_men\/","title":{"rendered":"GREAT WINES AND GREAT MEN"},"content":{"rendered":"<p>&nbsp;<\/p>\n<div class=\"parallax\" style=\"background-image: url('http:\/\/www.bonchateau.com\/wp-content\/uploads\/2014\/09\/fond-carte.jpg');\">\n<div class=\"container\">\n<div class=\"section-title\">\n<h1>Great wines and great men<\/h1>\n<\/div>\n<div class=\"three_fourth text-align-left\"><br \/>\n<section class=\"dark-background clearfix\"><\/p>\n<div class=\"wine-production\">\n<h1>Napol\u00e9on\u00a0and Chambertin<\/h1>\n<p style=\"text-align: justify;\"><br \/><br \/>\n<img loading=\"lazy\" decoding=\"async\" class=\"alignleft wp-image-526 size-medium\" src=\"http:\/\/www.bonchateau.com\/wp-content\/uploads\/2014\/09\/napoleon.jpg\" alt=\"\" width=\"255\" height=\"299\" \/>Napoleon\u2019s predilection for Chambertin probably dates from the time when, as a young artillery officer, he was stationed in the C\u00f4te-d\u2019Or. By 1798 he was already so taken with this wine that he would only forsake it for a glass of Champagne, and then only rarely.<br \/><\/p>\n<p>&nbsp;<\/p>\n<p style=\"text-align: justify;\">Bourienne relates that before the young general\u2019s departure for Egypt he stocked up on Burgundy wines. Although many of his cases crossed the desert twice, those that returned to Fr\u00e9jus at the conclusion of the expedition retained the same taste as at the outset.<\/p>\n<p>&nbsp;<\/p>\n<p style=\"text-align: justify;\">Later, the house of Soup\u00e9 and Pierrugues regularly supplied Napoleon with his Chambertin. He usually ordered a 5 to 6 year old Chambertin and would drink half a bottle at every meal. It was his favourite, his everyday wine, accompanying him on every campaign, and even into the heart of the most terrible battles.<\/p>\n<p>&nbsp;<\/p>\n<p style=\"text-align: justify;\">During the bitter cold of the 1812 campaign in Russia, Napoleon\u2019s aide de camp would keep a bottle close to his own chest so that he could, at any moment, serve the emperor a wine at room temperature.<\/p>\n<p>&nbsp;<\/p>\n<p style=\"text-align: justify;\">Some say that it was for lack of his Chambertin that Napoleon saw defeat at Waterloo. A small cause, but a great consequence: the anecdote is the napoleonic illustration of the butterfly effect. Chambertin was indispensable. The English, victorious at Waterloo, tell a different version of the story: that the night before the battle the emperor over-indulged in his favourite wine, and was drunk during the engagement, leading him to fall off his horse!<\/p>\n<\/div>\n<p><\/section><br \/>\n<\/div>\n<\/div>\n<\/div>\n<div class=\"parallax\">\n<div class=\"container\"><div class=\"one_third text-align-left\"><\/div><div class=\"two_third text-align-left last\"><br \/>\n<section class=\"dark-background clearfix\"><\/p>\n<div class=\"wine-production\">\n<h1>Henri IV\u00a0and Juran\u00e7on<\/h1>\n<p style=\"text-align: justify;\"><br \/><br \/>\n<img loading=\"lazy\" decoding=\"async\" class=\"alignleft wp-image-526 size-medium\" src=\"http:\/\/www.bonchateau.com\/wp-content\/uploads\/2015\/03\/HENRI-IV.jpg\" alt=\"\" width=\"255\" height=\"373\" \/>In 1552 king Henri II of Navarre bought a vineyard in Juran\u00e7on. A year later he unwittingly ensured the region a place in French history by the baptism of his grandson. <br \/><br \/>\nThe hills were already covered with Petit Manseng and Gros Manseng when Henri II wet the lips of the future Henri IV with Juran\u00e7on wine, at the same time making that appellation famous. <br \/><br \/>\nHenri IV loved his region and his wine. He established the prestige of Juran\u00e7on by designated it the official wine for all ceremonies of the House of France. <br \/><br \/>\nHowever, in 1924 Juran\u00e7on disappeared during the phylloxera catastrophe. Northern Europe had to make do with only very small quantities of what had been a very popular wine, and Juran\u00e7on was relegated to the status of altar wine. <br \/><br \/>\nNevertheless, little by little the Cave of the Producteurs de Gan and certain vineyard owners are restoring the prestige of this historic mountain appellation.<\/p>\n<\/div>\n<p><\/section><br \/>\n<\/div><\/p>\n<\/div>\n<\/div>\n<div class=\"parallax\" style=\"background: url('http:\/\/www.bonchateau.com\/wp-content\/uploads\/2015\/06\/ARTEFACT-fleur-de-lys-15.png') repeat;\">\n<div class=\"container\"><div class=\"three_fourth text-align-left\"><br \/>\n<section class=\"dark-background clearfix\"><\/p>\n<div class=\"wine-production\">\n<h1>Charlemagne, the emperor with the flowery beard<\/h1>\n<p style=\"text-align: justify;\"><br \/><br \/>\n<img loading=\"lazy\" decoding=\"async\" class=\"alignleft wp-image-526 size-medium\" src=\"http:\/\/www.bonchateau.com\/wp-content\/uploads\/2015\/03\/CHARLEMAGNE-VITRAIL.jpg\" alt=\"\" width=\"255\" height=\"399\" \/>The emperor Charlemagne was a discerning wine drinker. Measuring two metres in height &#8211; exceptional for his time &#8211; this athlete drank but was never drunk. <br \/><br \/>\nAs a great landowner Charlemagne took a keen interest in his vineyards and his cellars. He insisted that every year his six-hundred overseers supply him with a precise account of the resources and needs of each of his estates. <br \/><br \/>\nHis favourite red wine came from the vineyard he owned on the hill of Corton. With the passing years, his frequent samplings left their mark on his whitening beard.\u00a0He thus became known as \u201cCharlemagne, the emperor with the flowery beard.\u201d <br \/><br \/>\nLiutgarde, the emperor\u2019s wife, considered the state of her husband\u2019s beard to be unworthy of an emperor and thus encouraged him to drink white wine. <br \/><br \/>\nTo please his wife while remaining faithful to his favourite Corton, Charlemagne replanted part of the vineyard with white grapes, and was thus responsible for the development of Chardonnay in the lands of Aloxe.<\/p>\n<\/div>\n<p><\/section><br \/>\n<\/div><\/p>\n<\/div>\n<\/div>\n<div class=\"parallax\" style=\"background-image: url('http:\/\/dev.bonchateau.com\/\/wp-content\/uploads\/2014\/07\/pattern-bonchateau-01.jpg'); background-repeat: repeat; background-size: auto auto;\">\n<div class=\"container\"><div class=\"one_third text-align-left\"><\/div><div class=\"two_third text-align-left last\"><br \/>\n<section class=\"dark-background clearfix\"><\/p>\n<div class=\"wine-production\">\n<h1>Thomas Jefferson, distinguished oenologist<\/h1>\n<p style=\"text-align: justify;\"><br \/><br \/>\n<img loading=\"lazy\" decoding=\"async\" class=\"alignleft wp-image-526 size-medium\" src=\"http:\/\/www.bonchateau.com\/wp-content\/uploads\/2015\/03\/JEFFERSON.jpg\" alt=\"\" width=\"255\" height=\"316\" \/>Before becoming the third president of the United States, Thomas Jefferson served as his country\u2019s ambassador to France, where he developed an abiding passion for French civilisation and viticulture. <br \/><br \/>\nAs a distinguished oenologist, Jefferson visited the Bordelais in May 1787. He described the different parts of the region, tried to classify the Bordeaux wines and in so doing influenced the official classification of the grands crus elaborated nearly a century later in 1855. <br \/><br \/>\nJefferson identified four crus of the highest quality: Margaux, La Tour de S\u00e9gur (Latour), Haut-Brion and Lafite (Lafite-Rothschild); followed by five second crus: Rozan (which became Rauzan-S\u00e9gla), Dabbadie or Lionville (L\u00e9oville-Las Cases), La Rose (Gruaud-Larose), Quirouen (Kirwan) and Durfort (Durfort-Civens).<br \/>\n<br \/>As a great connoisseur of such white wines as Ch\u00e2teau Carbonnieux, Jefferson ordered eighty-five cases of Latour and Yquem for Georges Washington, while selecting Rauzan-S\u00e9gla, Yquem and Frontignan muscat for his own cellar. He was particularly impressed by the Ch\u00e2teau d\u2019Yquem 1784 vintage. <br \/><br \/>\nTouring the Burgundian domaines on horseback, the Virginian statesman developed a preference for Meursault and Montrachet. As a result he purchased a dozen plants which he unsuccessfully attempted to transplant back home in Virginia on his Monticello estate.<\/p>\n<\/div>\n<p><\/section><br \/>\n<\/div><\/p>\n<\/div>\n<\/div>\n<div class=\"parallax\" style=\"background-image: url('http:\/\/dev.bonchateau.com\/\/wp-content\/uploads\/2014\/07\/6435798623_c60314a49b_o-590x1024.jpg'); background-repeat: repeat; background-size: auto auto;\">\n<div class=\"container\"><div class=\"three_fourth text-align-left\"><br \/>\n<section class=\"dark-background clearfix\"><\/p>\n<div class=\"wine-production\">\n<h1>LE PACHA DE BONNEVAL and his library<\/h1>\n<p style=\"text-align: justify;\"><br \/><br \/>\n<img loading=\"lazy\" decoding=\"async\" class=\"alignleft wp-image-526 size-medium\" src=\"http:\/\/www.bonchateau.com\/wp-content\/uploads\/2014\/07\/220px-Bonneval-pasha.jpg\" alt=\"\" width=\"220\" height=\"293\" \/>Claude\u00a0Alexandre, Count de Bonneval, was a naval officer who covered himself in glory at the head of an infantry regiment during the Italian wars of the 18th century. <br \/><br \/>\nForced to take refuge in Austria after having offended Madame de Maintenon, Bonneval took service with the Holy Roman Empire and fought the Ottoman Turks. He was subsequently forced to flee anew after falling out with Prince of Savoy. <br \/><br \/>\nWelcomed by the Sublime Porte at Constantinople, Bonneval received the rank Pasha of Three Tails and set about reforming the Turkish artillery. Passing through the city, Casanova wished to meet this illustrious character. The infamous man of letters was led by the pasha to his library and shown the best stories of Burgundy, that is to say, the region\u2019s very finest wines.<br \/><br \/><br \/><br \/><\/p>\n<blockquote>\n<p style=\"text-align: justify;\">The cardinal&#8217;s letter representing me as a literary man, the pacha observed that I ought to see his library. I followed him through the garden, and we entered a room furnished with grated cupboards; curtains could be seen behind the wirework; the books were most likely behind the curtains.\u00a0<br \/><br \/>\nTaking a key out of his pocket, he opened one of the cupboards, and, instead of folios, I saw long rows of bottles of the finest wines. We both laughed heartily. <br \/><\/p>\n<p><em>&#8220;Here are,&#8221; said the pacha, &#8220;my library and my harem. I am old, women would only shorten my life but good wine will prolong it, or at least, make it more agreable.\u201d<\/em><\/p>\n<p style=\"text-align: justify;\"><br \/>-The Memoirs of Jacques Casanova de Seingalt<\/p>\n<\/blockquote>\n<\/div>\n<p><\/section><br \/>\n<\/div><\/p>\n<\/div>\n<\/div>\n<div class=\"parallax\" style=\"background: url('http:\/\/www.bonchateau.com\/wp-content\/uploads\/2015\/06\/ARTEFACT-floral-art-nouveau-10.png') repeat;\">\n<div class=\"container\">\n<p><div class=\"one_third text-align-left\"><\/div><div class=\"two_third text-align-left last\"><br \/>\n<section class=\"dark-background clearfix\"><\/p>\n<div class=\"wine-production\">\n<h1>Winston Churchill\u00a0and Pol Roger<\/h1>\n<p style=\"text-align: justify;\"><br \/><br \/>\n<img decoding=\"async\" class=\"alignleft wp-image-526 size-medium\" src=\"http:\/\/www.bonchateau.com\/wp-content\/uploads\/2014\/09\/CHURCHILL.jpg\" alt=\"Churchill\" \/><br \/>\nWinston Churchill was from 1908 a great connoisseur of the Champagne Pol Roger and an enthusiast of good taste.<\/p>\n<p style=\"text-align: justify;\"><br \/>In 1944 Churchill attended a dinner given by the British ambassador in Paris to celebrate the liberation of France. In the course of the evening the Prime Minister met Odette Pol-Roger, granddaughter of Richard Wallace, and was as captivated by her elegance and beauty as by the Pol Roger 1928 that was served that day. She was 33 years old, he 70. <br \/><\/p>\n<p style=\"text-align: justify;\"><br \/><\/p>\n<p>Out of this encounter was born a friendship that would last until Sir Winston\u2019s death at the age of 90. During another ball thrown by Duff Cooper in 1947, Churchill made a conspicuous entrance having at his arm the delicious Odette Pol Roger in a red satin dress.<\/p>\n<p style=\"text-align: justify;\"><br \/><\/p>\n<blockquote><p><em>I could not live without Champagne. In victory I deserve it. In defeat I need it.<\/em><\/p><\/blockquote>\n<p style=\"text-align: right;\">&#8211; Sir Winston Churchill<\/p>\n<\/div>\n<p><\/section><br \/>\n<\/div><\/p>\n<\/div>\n<\/div>\n<p><!--\n\n\n<h3>Vin d\u2019exception <a href=\"http:\/\/dev.bonchateau.com\/\/wp-content\/uploads\/2014\/07\/4683132084_5010455f1e_o.jpg\"><img loading=\"lazy\" decoding=\"async\" class=\"alignleft wp-image-253\" src=\"http:\/\/dev.bonchateau.com\/\/wp-content\/uploads\/2014\/07\/4683132084_5010455f1e_o-300x199.jpg\" alt=\"4683132084_5010455f1e_o\" width=\"400\" height=\"265\" srcset=\"https:\/\/www.bonchateau.com\/wp-content\/uploads\/2014\/07\/4683132084_5010455f1e_o-300x199.jpg 300w, https:\/\/www.bonchateau.com\/wp-content\/uploads\/2014\/07\/4683132084_5010455f1e_o-1024x679.jpg 1024w\" sizes=\"auto, (max-width: 400px) 100vw, 400px\" \/><\/a><\/h3>\n\n\n[br][dropcap letter=\"P\" shape=\"round\"]\n\nour vous faire mieux connaitre d\u2019o\u00f9 vient l\u2019erreur de ceux qui bl\u00e2ment la volupt\u00e9, et qui louent en quelque sorte la douleur, je vais entrer dans une explication plus \u00e9tendue, et vous faire voir tout ce qui a \u00e9t\u00e9 dit l\u00e0-dessus par l\u2019inventeur de la v\u00e9rit\u00e9, et, pour ainsi dire, par l\u2019architecte de la vie heureuse.\n\n[br]Personne ne craint ni ne fuit la volupt\u00e9 en tant que volupt\u00e9, mais en tant qu\u2019elle attire de grandes douleurs \u00e0 ceux qui ne savent pas en faire un usage mod\u00e9r\u00e9 et raisonnable ; et personne n\u2019aime ni ne recherche la douleur comme douleur, mais parce qu\u2019il arrive quelquefois que, par le travail et par la peine, on parvienne \u00e0 jouir d\u2019une grande volupt\u00e9. En effet, pour descendre jusqu\u2019aux petites choses, qui de vous ne fait point quelque exercice p\u00e9nible pour en retirer quelque sorte d\u2019utilit\u00e9 ? Et qui pourrait justement bl\u00e2mer, ou celui qui rechercherait une volupt\u00e9 qui ne pourrait \u00eatre suivie de rien de f\u00e2cheux, ou celui qui \u00e9viterait une douleur dont il ne pourrait esp\u00e9rer aucun plaisir.\n\n[br]Au contraire, nous bl\u00e2mons avec raison et nous croyons dignes de m\u00e9pris et de haine ceux qui, se laissant corrompre par les attraits d\u2019une volupt\u00e9 pr\u00e9sente, ne pr\u00e9voient pas \u00e0 combien de maux et de chagrins une passion aveugle les peut exposer.\n\nJ\u2019en dis autant de ceux qui, par mollesse d\u2019esprit, c\u2019est-\u00e0-dire par la crainte de la peine et de la douleur, manquent aux devoirs de la vie. Et il est tr\u00e8s facile de rendre raison de ce que j\u2019avance. Car, lorsque nous sommes tout \u00e0 fait libres, et que rien ne nous emp\u00eache de faire ce qui peut nous donner le plus de plaisir, nous pouvons nous livrer enti\u00e8rement \u00e0 la volupt\u00e9 et chasser toute sorte de douleur ; mais, dans les temps destin\u00e9s aux devoirs de la soci\u00e9t\u00e9 ou \u00e0 la n\u00e9cessit\u00e9 des affaires, souvent il faut faire divorce avec la volupt\u00e9, et ne se point refuser \u00e0 la peine.\n\n[br]La r\u00e8gle que suit en cela un homme sage, c\u2019est de renoncer \u00e0 de l\u00e9g\u00e8res volupt\u00e9s pour en avoir de plus grandes, et de savoir supporter des douleurs l\u00e9g\u00e8res pour en \u00e9viter de plus f\u00e2cheuses.\n\n\n\n<hr \/>\n\n\n\n\n\n<h3>Son Histoire <a href=\"http:\/\/dev.bonchateau.com\/\/wp-content\/uploads\/2014\/07\/220px-Bonneval-pasha.jpg\"><img loading=\"lazy\" decoding=\"async\" class=\"alignright wp-image-407 size-full\" src=\"http:\/\/dev.bonchateau.com\/\/wp-content\/uploads\/2014\/07\/220px-Bonneval-pasha.jpg\" alt=\"220px-Bonneval-pasha\" width=\"220\" height=\"293\" \/><\/a><\/h3>\n\n\n[br][dropcap letter=\"P\" shape=\"round\"]\n\nour vous faire mieux connaitre d\u2019o\u00f9 vient l\u2019erreur de ceux qui bl\u00e2ment la volupt\u00e9, et qui louent en quelque sorte la douleur, je vais entrer dans une explication plus \u00e9tendue, et vous faire voir tout ce qui a \u00e9t\u00e9 dit l\u00e0-dessus par l\u2019inventeur de la v\u00e9rit\u00e9, et, pour ainsi dire, par l\u2019architecte de la vie heureuse.\n\n[br]Personne ne craint ni ne fuit la volupt\u00e9 en tant que volupt\u00e9, mais en tant qu\u2019elle attire de grandes douleurs \u00e0 ceux qui ne savent pas en faire un usage mod\u00e9r\u00e9 et raisonnable ; et personne n\u2019aime ni ne recherche la douleur comme douleur, mais parce qu\u2019il arrive quelquefois que, par le travail et par la peine, on parvienne \u00e0 jouir d\u2019une grande volupt\u00e9. En effet, pour descendre jusqu\u2019aux petites choses, qui de vous ne fait point quelque exercice p\u00e9nible pour en retirer quelque sorte d\u2019utilit\u00e9 ? Et qui pourrait justement bl\u00e2mer, ou celui qui rechercherait une volupt\u00e9 qui ne pourrait \u00eatre suivie de rien de f\u00e2cheux, ou celui qui \u00e9viterait une douleur dont il ne pourrait esp\u00e9rer aucun plaisir.\n\n[br]Au contraire, nous bl\u00e2mons avec raison et nous croyons dignes de m\u00e9pris et de haine ceux qui, se laissant corrompre par les attraits d\u2019une volupt\u00e9 pr\u00e9sente, ne pr\u00e9voient pas \u00e0 combien de maux et de chagrins une passion aveugle les peut exposer.\n\n[br]J\u2019en dis autant de ceux qui, par mollesse d\u2019esprit, c\u2019est-\u00e0-dire par la crainte de la peine et de la douleur, manquent aux devoirs de la vie. Et il est tr\u00e8s facile de rendre raison de ce que j\u2019avance. Car, lorsque nous sommes tout \u00e0 fait libres, et que rien ne nous emp\u00eache de faire ce qui peut nous donner le plus de plaisir, nous pouvons nous livrer enti\u00e8rement \u00e0 la volupt\u00e9 et chasser toute sorte de douleur ; mais, dans les temps destin\u00e9s aux devoirs de la soci\u00e9t\u00e9 ou \u00e0 la n\u00e9cessit\u00e9 des affaires, souvent il faut faire divorce avec la volupt\u00e9, et ne se point refuser \u00e0 la peine.\n\n[br]La r\u00e8gle que suit en cela un homme sage, c\u2019est de renoncer \u00e0 de l\u00e9g\u00e8res volupt\u00e9s pour en avoir de plus grandes, et de savoir supporter des douleurs l\u00e9g\u00e8res pour en \u00e9viter de plus f\u00e2cheuses.\n\n[br]Pour vous faire mieux connaitre d\u2019o\u00f9 vient l\u2019erreur de ceux qui bl\u00e2ment la volupt\u00e9, et qui louent en quelque sorte la douleur, je vais entrer dans une explication plus \u00e9tendue, et vous faire voir tout ce qui a \u00e9t\u00e9 dit l\u00e0-dessus par l\u2019inventeur de la v\u00e9rit\u00e9, et, pour ainsi dire, par l\u2019architecte de la vie heureuse.\n\n<a href=\"http:\/\/dev.bonchateau.com\/\/wp-content\/uploads\/2014\/07\/canon_label.jpg\"><img loading=\"lazy\" decoding=\"async\" class=\"alignleft wp-image-492\" src=\"http:\/\/dev.bonchateau.com\/\/wp-content\/uploads\/2014\/07\/canon_label.jpg\" alt=\"canon_label\" width=\"300\" height=\"367\" srcset=\"https:\/\/www.bonchateau.com\/wp-content\/uploads\/2014\/07\/canon_label.jpg 1111w, https:\/\/www.bonchateau.com\/wp-content\/uploads\/2014\/07\/canon_label-245x300.jpg 245w, https:\/\/www.bonchateau.com\/wp-content\/uploads\/2014\/07\/canon_label-837x1024.jpg 837w\" sizes=\"auto, (max-width: 300px) 100vw, 300px\" \/><\/a>[br]Personne ne craint ni ne fuit la volupt\u00e9 en tant que volupt\u00e9, mais en tant qu\u2019elle attire de grandes douleurs \u00e0 ceux qui ne savent pas en faire un usage mod\u00e9r\u00e9 et raisonnable ; et personne n\u2019aime ni ne recherche la douleur comme douleur, mais parce qu\u2019il arrive quelquefois que, par le travail et par la peine, on parvienne \u00e0 jouir d\u2019une grande volupt\u00e9. En effet, pour descendre jusqu\u2019aux petites choses, qui de vous ne fait point quelque exercice p\u00e9nible pour en retirer quelque sorte d\u2019utilit\u00e9 ? Et qui pourrait justement bl\u00e2mer, ou celui qui rechercherait une volupt\u00e9 qui ne pourrait \u00eatre suivie de rien de f\u00e2cheux, ou celui qui \u00e9viterait une douleur dont il ne pourrait esp\u00e9rer aucun plaisir.\n\n[br]Au contraire, nous bl\u00e2mons avec raison et nous croyons dignes de m\u00e9pris et de haine ceux qui, se laissant corrompre par les attraits d\u2019une volupt\u00e9 pr\u00e9sente, ne pr\u00e9voient pas \u00e0 combien de maux et de chagrins une passion aveugle les peut exposer.\n\n[br]J\u2019en dis autant de ceux qui, par mollesse d\u2019esprit, c\u2019est-\u00e0-dire par la crainte de la peine et de la douleur, manquent aux devoirs de la vie. Et il est tr\u00e8s facile de rendre raison de ce que j\u2019avance. Car, lorsque nous sommes tout \u00e0 fait libres, et que rien ne nous emp\u00eache de faire ce qui peut nous donner le plus de plaisir, nous pouvons nous livrer enti\u00e8rement \u00e0 la volupt\u00e9 et chasser toute sorte de douleur ; mais, dans les temps destin\u00e9s aux devoirs de la soci\u00e9t\u00e9 ou \u00e0 la n\u00e9cessit\u00e9 des affaires, souvent il faut faire divorce avec la volupt\u00e9, et ne se point refuser \u00e0 la peine.\n\n[br]La r\u00e8gle que suit en cela un homme sage, c\u2019est de renoncer \u00e0 de l\u00e9g\u00e8res volupt\u00e9s pour en avoir de plus grandes, et de savoir supporter des douleurs l\u00e9g\u00e8res pour en \u00e9viter de plus f\u00e2cheuses.\n\n[br]J\u2019en dis autant de ceux qui, par mollesse d\u2019esprit, c\u2019est-\u00e0-dire par la crainte de la peine et de la douleur, manquent aux devoirs de la vie. Et<img loading=\"lazy\" decoding=\"async\" class=\"alignright wp-image-494 size-full\" src=\"http:\/\/dev.bonchateau.com\/\/wp-content\/uploads\/2014\/07\/classement1855.jpg\" alt=\"classement1855\" width=\"195\" height=\"299\" \/> il est tr\u00e8s facile de rendre raison de ce que j\u2019avance. Car, lorsque nous sommes tout \u00e0 fait libres, et que rien ne nous emp\u00eache de faire ce qui peut nous donner le plus de plaisir, nous pouvons nous livrer enti\u00e8rement \u00e0 la volupt\u00e9 et chasser toute sorte de douleur ; mais, dans les temps destin\u00e9s aux devoirs de la soci\u00e9t\u00e9 ou \u00e0 la n\u00e9cessit\u00e9 des affaires, souvent il faut faire divorce avec la volupt\u00e9, et ne se point refuser \u00e0 la peine.\n\n[br]La r\u00e8gle que suit en cela un homme sage, c\u2019est de renoncer \u00e0 de l\u00e9g\u00e8res volupt\u00e9s pour en avoir de plus grandes, et de savoir supporter des douleurs l\u00e9g\u00e8res pour en \u00e9viter de plus f\u00e2cheuses.\n\n[br]Pour vous faire mieux connaitre d\u2019o\u00f9 vient l\u2019erreur de ceux qui bl\u00e2ment la volupt\u00e9, et qui louent en quelque sorte la douleur, je vais entrer dans une explication plus \u00e9tendue, et vous faire voir tout ce qui a \u00e9t\u00e9 dit l\u00e0-dessus par l\u2019inventeur de la v\u00e9rit\u00e9, et, pour ainsi dire, par l\u2019architecte de la vie heureuse.\n\n[br]La r\u00e8gle que suit en cela un homme sage, c\u2019est de renoncer \u00e0 de l\u00e9g\u00e8res volupt\u00e9s pour en avoir de plus grandes, et de savoir supporter des douleurs l\u00e9g\u00e8res pour en \u00e9viter de plus f\u00e2cheuses.\n\n[br]Pour vous faire mieux connaitre d\u2019o\u00f9 vient l\u2019erreur de ceux qui bl\u00e2ment la volupt\u00e9, et qui louent en quelque sorte la douleur, je vais entrer dans une explication plus \u00e9tendue, et vous faire voir tout ce qui a \u00e9t\u00e9 dit l\u00e0-dessus par l\u2019inventeur de la v\u00e9rit\u00e9, et, pour ainsi dire, par l\u2019architecte de la vie heureuse.--><\/p>\n","protected":false},"excerpt":{"rendered":"<p>&nbsp; Great wines and great men<\/p>\n","protected":false},"author":4,"featured_media":0,"parent":0,"menu_order":0,"comment_status":"open","ping_status":"open","template":"","meta":{"footnotes":""},"class_list":["post-1168","page","type-page","status-publish","hentry"],"_links":{"self":[{"href":"https:\/\/www.bonchateau.com\/en\/wp-json\/wp\/v2\/pages\/1168","targetHints":{"allow":["GET"]}}],"collection":[{"href":"https:\/\/www.bonchateau.com\/en\/wp-json\/wp\/v2\/pages"}],"about":[{"href":"https:\/\/www.bonchateau.com\/en\/wp-json\/wp\/v2\/types\/page"}],"author":[{"embeddable":true,"href":"https:\/\/www.bonchateau.com\/en\/wp-json\/wp\/v2\/users\/4"}],"replies":[{"embeddable":true,"href":"https:\/\/www.bonchateau.com\/en\/wp-json\/wp\/v2\/comments?post=1168"}],"version-history":[{"count":17,"href":"https:\/\/www.bonchateau.com\/en\/wp-json\/wp\/v2\/pages\/1168\/revisions"}],"predecessor-version":[{"id":1324,"href":"https:\/\/www.bonchateau.com\/en\/wp-json\/wp\/v2\/pages\/1168\/revisions\/1324"}],"wp:attachment":[{"href":"https:\/\/www.bonchateau.com\/en\/wp-json\/wp\/v2\/media?parent=1168"}],"curies":[{"name":"wp","href":"https:\/\/api.w.org\/{rel}","templated":true}]}}